{"id":8,"date":"2019-03-03T18:30:03","date_gmt":"2019-03-03T17:30:03","guid":{"rendered":"http:\/\/soludata.fr\/?page_id=8"},"modified":"2023-05-09T12:43:00","modified_gmt":"2023-05-09T10:43:00","slug":"particuliers","status":"publish","type":"page","link":"https:\/\/soludata.fr\/?page_id=8","title":{"rendered":"PARTICULIERS"},"content":{"rendered":"\n<figure class=\"wp-block-gallery has-nested-images columns-default is-cropped wp-block-gallery-1 is-layout-flex\">\n<figure class=\"wp-block-image\"><img decoding=\"async\" loading=\"lazy\" width=\"1024\" height=\"683\" data-id=\"558\"  src=\"https:\/\/soludata.fr\/wp-content\/uploads\/2019\/11\/keyboard-70506_1920-1-1024x683.jpg\" alt=\"\" class=\"wp-image-558\" srcset=\"https:\/\/soludata.fr\/wp-content\/uploads\/2019\/11\/keyboard-70506_1920-1-1024x683.jpg 1024w, https:\/\/soludata.fr\/wp-content\/uploads\/2019\/11\/keyboard-70506_1920-1-300x200.jpg 300w, https:\/\/soludata.fr\/wp-content\/uploads\/2019\/11\/keyboard-70506_1920-1-768x512.jpg 768w, https:\/\/soludata.fr\/wp-content\/uploads\/2019\/11\/keyboard-70506_1920-1.jpg 1920w\" sizes=\"(max-width: 1024px) 100vw, 1024px\" \/><\/figure>\n\n\n\n<figure class=\"wp-block-image\"><img decoding=\"async\" loading=\"lazy\" width=\"1024\" height=\"683\" data-id=\"559\"  src=\"https:\/\/soludata.fr\/wp-content\/uploads\/2019\/11\/Le-Disque-m\u00e9canique-cest-bient\u00f4t-fini-sospc.name-1-1-1024x683.jpg\" alt=\"\" class=\"wp-image-559\" srcset=\"https:\/\/soludata.fr\/wp-content\/uploads\/2019\/11\/Le-Disque-m\u00e9canique-cest-bient\u00f4t-fini-sospc.name-1-1-1024x683.jpg 1024w, https:\/\/soludata.fr\/wp-content\/uploads\/2019\/11\/Le-Disque-m\u00e9canique-cest-bient\u00f4t-fini-sospc.name-1-1-300x200.jpg 300w, https:\/\/soludata.fr\/wp-content\/uploads\/2019\/11\/Le-Disque-m\u00e9canique-cest-bient\u00f4t-fini-sospc.name-1-1-768x512.jpg 768w\" sizes=\"(max-width: 1024px) 100vw, 1024px\" \/><\/figure>\n\n\n\n<figure class=\"wp-block-image\"><img decoding=\"async\" loading=\"lazy\" width=\"546\" height=\"340\" data-id=\"560\"  src=\"https:\/\/soludata.fr\/wp-content\/uploads\/2019\/11\/network-card-550544__340-1.jpg\" alt=\"\" class=\"wp-image-560\" srcset=\"https:\/\/soludata.fr\/wp-content\/uploads\/2019\/11\/network-card-550544__340-1.jpg 546w, https:\/\/soludata.fr\/wp-content\/uploads\/2019\/11\/network-card-550544__340-1-300x187.jpg 300w\" sizes=\"(max-width: 546px) 100vw, 546px\" \/><\/figure>\n<\/figure>\n\n\n\n<h4 class=\"wp-block-heading\"><strong>\u00abVotre Ordinateur est lent ?  <\/strong><strong>Tellement lent que la simple id\u00e9e de vous en servir vous d\u00e9courage totalement ?<br>Nous avons diff\u00e9rentes solutions \u00e0 vous apporter avant que vous ne songiez \u00e0 le remplacer et \u00e0 engager des frais importants.\u00bb<\/strong><\/h4>\n\n\n\n<h4 class=\"wp-block-heading\"><strong>1\u00b0 LE NETTOYAGE.<\/strong><\/h4>\n\n\n\n<p>Le nettoyage virtuel de votre PC est indispensable \u00e0 son bon fonctionnement. Il permet de supprimer tous les Fichiers inutiles stock\u00e9s dans votre machine au fil du temps :<br>            &#8211; Les fameux \u00ab cookies \u00bb \u00e0 chaque consultation de site web. <br>            &#8211; L\u2019historique de votre moteur de recherche.<br>            &#8211; Et tous les autres petits morceaux de Fichiers type \u00ab index.dat \u00bb, \u00ab .CHK \u00bb etc\u2026.<\/p>\n\n\n\n<h4 class=\"wp-block-heading\"><strong> 2\u00b0  LES VIRUS.<\/strong><\/h4>\n\n\n\n<p>La recherche et la suppression des Virus, Malwares, Adwares qui ont infect\u00e9s votre PC est \u00e9galement indispensable \u00e0 son bon fonctionnement. <br><\/p>\n\n\n\n<h4 class=\"wp-block-heading\"><strong> 3\u00b0 LE FORMATAGE.<\/strong><\/h4>\n\n\n\n<p>Cette op\u00e9ration vous permettra de retrouver votre machine \u00e0 l\u2019\u00e9tat d\u2019origine.<br>Votre PC sera ainsi vierge et pourra repartir sur de bonnes bases. <br>La sauvegarde de vos donn\u00e9es les plus importantes sera faite en amont.<\/p>\n\n\n\n<h4 class=\"wp-block-heading\"><strong>4\u00b0 \u00ab BOOSTER \u00bb VOTRE PC.<\/strong><\/h4>\n\n\n\n<p>Le remplacement de votre ancien disque dur classique par un disque dur SSD vous fera gagner incontestablement en vitesse et en r\u00e9activit\u00e9. Ces disques durs ne chauffent pas et sont moins sensibles \u00e0 la casse en cas de choc.<br>L\u2019ajout de barrettes de \u00ab RAM \u00bb (M\u00e9moire vive). Qui permet \u00e0 votre ordinateur d\u2019\u00eatre plus  r\u00e9actif lors des t\u00e2ches du quotidien et de passer d\u2019un programme \u00e0 l\u2019autre plus rapidement.<\/p>\n\n\n\n<h4 class=\"wp-block-heading\"><strong>\u00abVotre machine vous a l\u00e2ch\u00e9 ? Elle ne d\u00e9marre plus ?<br>Vous n\u2019aviez pas sauvegard\u00e9 vos donn\u00e9es importantes tel que vos photos, vos vid\u00e9os, vos documents ?  <br>Nous pouvons vous aider.\u00bb<\/strong><\/h4>\n\n\n\n<p>Nous pouvons nous rendre \u00e0 votre domicile afin de faire un diagnostic rapide de l\u2019\u00e9tat de votre PC.<br>\u00c1 l\u2019issue de cette visite nous serons \u00e0 m\u00eame de pr\u00e9voir un d\u00e9pannage sur place ou dans notre atelier.<br>En cas de prise en charge de votre PC, un devis pour cette r\u00e9paration vous sera envoy\u00e9 sous 24H et nous verrons avec vous quelles options vous conviennent le mieux avant toute intervention.<\/p>\n\n\n\n<p>Un diagnostic de l\u2019\u00e9tat de votre disque dur sera fait dans notre atelier. Vous serez inform\u00e9 de la possibilit\u00e9 de r\u00e9cup\u00e9ration totale ou partielle de vos donn\u00e9es. Cette r\u00e9cup\u00e9ration de donn\u00e9es sera faite par nos soins dans le cas de pannes simples. Nous pourrons vous orienter vers des laboratoires sp\u00e9cialis\u00e9s en cas de panne s\u00e9v\u00e8re.<\/p>\n\n\n\n<p>Le remplacement des composants d\u00e9fectueux emp\u00eachant le bon fonctionnement de votre    machine tel que le disque dur, la RAM, la connectique, sera fait dans notre atelier.<br>Nous vous contacterons avant toute intervention sous 24H pour vous faire part de toutes les options adapt\u00e9es \u00e0 votre situation.<br>La capacit\u00e9 du futur disque dur, le remplacement de la RAM, le remplacement de petits composants seront \u00e9tudi\u00e9s avec vous selon vos besoins et votre budget.<\/p>\n\n\n\n<p><\/p>\n","protected":false},"excerpt":{"rendered":"<p class=\"qua-blog-post-description\">\u00abVotre Ordinateur est lent ? Tellement lent que la simple id\u00e9e de vous en servir vous d\u00e9courage totalement ?Nous avons diff\u00e9rentes solutions \u00e0 vous apporter avant que vous ne songiez \u00e0 le remplacer et \u00e0 engager des frais importants.\u00bb 1\u00b0 LE NETTOYAGE. Le nettoyage virtuel de votre PC est indispensable \u00e0 son bon fonctionnement. Il [&hellip;]<\/p>\n","protected":false},"author":1,"featured_media":313,"parent":0,"menu_order":0,"comment_status":"closed","ping_status":"closed","template":"","meta":[],"_links":{"self":[{"href":"https:\/\/soludata.fr\/index.php?rest_route=\/wp\/v2\/pages\/8"}],"collection":[{"href":"https:\/\/soludata.fr\/index.php?rest_route=\/wp\/v2\/pages"}],"about":[{"href":"https:\/\/soludata.fr\/index.php?rest_route=\/wp\/v2\/types\/page"}],"author":[{"embeddable":true,"href":"https:\/\/soludata.fr\/index.php?rest_route=\/wp\/v2\/users\/1"}],"replies":[{"embeddable":true,"href":"https:\/\/soludata.fr\/index.php?rest_route=%2Fwp%2Fv2%2Fcomments&post=8"}],"version-history":[{"count":25,"href":"https:\/\/soludata.fr\/index.php?rest_route=\/wp\/v2\/pages\/8\/revisions"}],"predecessor-version":[{"id":817,"href":"https:\/\/soludata.fr\/index.php?rest_route=\/wp\/v2\/pages\/8\/revisions\/817"}],"wp:featuredmedia":[{"embeddable":true,"href":"https:\/\/soludata.fr\/index.php?rest_route=\/wp\/v2\/media\/313"}],"wp:attachment":[{"href":"https:\/\/soludata.fr\/index.php?rest_route=%2Fwp%2Fv2%2Fmedia&parent=8"}],"curies":[{"name":"wp","href":"https:\/\/api.w.org\/{rel}","templated":true}]}}