{"id":667,"date":"2019-12-03T19:31:24","date_gmt":"2019-12-03T18:31:24","guid":{"rendered":"http:\/\/soludata.fr\/?page_id=667"},"modified":"2019-12-16T13:46:17","modified_gmt":"2019-12-16T12:46:17","slug":"depannage-informatique-a-chateau-salins","status":"publish","type":"page","link":"https:\/\/soludata.fr\/?page_id=667","title":{"rendered":"D\u00e9pannage informatique \u00e0 Ch\u00e2teau-Salins."},"content":{"rendered":"\n<p>Nous venons chez vous \u00e0 Ch\u00e2teau-Salins, Hamont, Vic-sur-Seille, Chambrey, Vaxy&#8230;etc<\/p>\n\n\n\n<p>\u00ab\u00a0<a href=\"http:\/\/soludata.fr\/?page_id=14\">Devis gratuit<\/a>\u00ab\u00a0<\/p>\n\n\n\n<p>Appelez nous : 06-10-74-47-21<\/p>\n","protected":false},"excerpt":{"rendered":"<p class=\"qua-blog-post-description\">Nous venons chez vous \u00e0 Ch\u00e2teau-Salins, Hamont, Vic-sur-Seille, Chambrey, Vaxy&#8230;etc \u00ab\u00a0Devis gratuit\u00ab\u00a0 Appelez nous : 06-10-74-47-21<\/p>\n","protected":false},"author":1,"featured_media":0,"parent":0,"menu_order":0,"comment_status":"closed","ping_status":"closed","template":"","meta":[],"_links":{"self":[{"href":"https:\/\/soludata.fr\/index.php?rest_route=\/wp\/v2\/pages\/667"}],"collection":[{"href":"https:\/\/soludata.fr\/index.php?rest_route=\/wp\/v2\/pages"}],"about":[{"href":"https:\/\/soludata.fr\/index.php?rest_route=\/wp\/v2\/types\/page"}],"author":[{"embeddable":true,"href":"https:\/\/soludata.fr\/index.php?rest_route=\/wp\/v2\/users\/1"}],"replies":[{"embeddable":true,"href":"https:\/\/soludata.fr\/index.php?rest_route=%2Fwp%2Fv2%2Fcomments&post=667"}],"version-history":[{"count":2,"href":"https:\/\/soludata.fr\/index.php?rest_route=\/wp\/v2\/pages\/667\/revisions"}],"predecessor-version":[{"id":677,"href":"https:\/\/soludata.fr\/index.php?rest_route=\/wp\/v2\/pages\/667\/revisions\/677"}],"wp:attachment":[{"href":"https:\/\/soludata.fr\/index.php?rest_route=%2Fwp%2Fv2%2Fmedia&parent=667"}],"curies":[{"name":"wp","href":"https:\/\/api.w.org\/{rel}","templated":true}]}}