{"id":641,"date":"2019-12-02T20:32:40","date_gmt":"2019-12-02T19:32:40","guid":{"rendered":"http:\/\/soludata.fr\/?page_id=641"},"modified":"2019-12-02T20:36:22","modified_gmt":"2019-12-02T19:36:22","slug":"depannage-informatique-a-nancy","status":"publish","type":"page","link":"https:\/\/soludata.fr\/?page_id=641","title":{"rendered":"D\u00e9pannage informatique \u00e0 Nancy."},"content":{"rendered":"\n<p>Nous venons chez vous \u00e0 Nancy, Champigneules, Max\u00e9ville, Laxou, Vandoeuvre-l\u00e8s-Nancy, Essey-l\u00e8s-Nancy etc&#8230;<\/p>\n\n\n\n<p>\u00ab\u00a0<a href=\"http:\/\/soludata.fr\/?page_id=14\">Devis gratuit<\/a>\u00ab\u00a0<\/p>\n\n\n\n<p>Appelles nous : 06-10-74-47-21<\/p>\n","protected":false},"excerpt":{"rendered":"<p class=\"qua-blog-post-description\">Nous venons chez vous \u00e0 Nancy, Champigneules, Max\u00e9ville, Laxou, Vandoeuvre-l\u00e8s-Nancy, Essey-l\u00e8s-Nancy etc&#8230; \u00ab\u00a0Devis gratuit\u00ab\u00a0 Appelles nous : 06-10-74-47-21<\/p>\n","protected":false},"author":1,"featured_media":0,"parent":0,"menu_order":0,"comment_status":"closed","ping_status":"closed","template":"","meta":[],"_links":{"self":[{"href":"https:\/\/soludata.fr\/index.php?rest_route=\/wp\/v2\/pages\/641"}],"collection":[{"href":"https:\/\/soludata.fr\/index.php?rest_route=\/wp\/v2\/pages"}],"about":[{"href":"https:\/\/soludata.fr\/index.php?rest_route=\/wp\/v2\/types\/page"}],"author":[{"embeddable":true,"href":"https:\/\/soludata.fr\/index.php?rest_route=\/wp\/v2\/users\/1"}],"replies":[{"embeddable":true,"href":"https:\/\/soludata.fr\/index.php?rest_route=%2Fwp%2Fv2%2Fcomments&post=641"}],"version-history":[{"count":3,"href":"https:\/\/soludata.fr\/index.php?rest_route=\/wp\/v2\/pages\/641\/revisions"}],"predecessor-version":[{"id":644,"href":"https:\/\/soludata.fr\/index.php?rest_route=\/wp\/v2\/pages\/641\/revisions\/644"}],"wp:attachment":[{"href":"https:\/\/soludata.fr\/index.php?rest_route=%2Fwp%2Fv2%2Fmedia&parent=641"}],"curies":[{"name":"wp","href":"https:\/\/api.w.org\/{rel}","templated":true}]}}