{"id":637,"date":"2019-12-02T07:52:50","date_gmt":"2019-12-02T06:52:50","guid":{"rendered":"http:\/\/soludata.fr\/?page_id=637"},"modified":"2019-12-02T07:52:51","modified_gmt":"2019-12-02T06:52:51","slug":"depannage-informatique-a-metz","status":"publish","type":"page","link":"https:\/\/soludata.fr\/?page_id=637","title":{"rendered":"D\u00e9pannage Informatique \u00e0 Metz."},"content":{"rendered":"\n<p>Nous venons chez vous \u00e0 Metz, Montigny-l\u00e8s-Mets, Vantoux, Le-Ban-Saint-Martin, Saint-Julien-l\u00e8s-Metz, Marly &#8230;<\/p>\n\n\n\n<p>\u00ab\u00a0<a href=\"http:\/\/soludata.fr\/?page_id=14\">Devis Gratuit<\/a>\u00ab\u00a0<\/p>\n\n\n\n<p>Appellez nous : 06-10-74-47-21<br><\/p>\n","protected":false},"excerpt":{"rendered":"<p class=\"qua-blog-post-description\">Nous venons chez vous \u00e0 Metz, Montigny-l\u00e8s-Mets, Vantoux, Le-Ban-Saint-Martin, Saint-Julien-l\u00e8s-Metz, Marly &#8230; \u00ab\u00a0Devis Gratuit\u00ab\u00a0 Appellez nous : 06-10-74-47-21<\/p>\n","protected":false},"author":1,"featured_media":0,"parent":0,"menu_order":0,"comment_status":"closed","ping_status":"closed","template":"","meta":[],"_links":{"self":[{"href":"https:\/\/soludata.fr\/index.php?rest_route=\/wp\/v2\/pages\/637"}],"collection":[{"href":"https:\/\/soludata.fr\/index.php?rest_route=\/wp\/v2\/pages"}],"about":[{"href":"https:\/\/soludata.fr\/index.php?rest_route=\/wp\/v2\/types\/page"}],"author":[{"embeddable":true,"href":"https:\/\/soludata.fr\/index.php?rest_route=\/wp\/v2\/users\/1"}],"replies":[{"embeddable":true,"href":"https:\/\/soludata.fr\/index.php?rest_route=%2Fwp%2Fv2%2Fcomments&post=637"}],"version-history":[{"count":1,"href":"https:\/\/soludata.fr\/index.php?rest_route=\/wp\/v2\/pages\/637\/revisions"}],"predecessor-version":[{"id":638,"href":"https:\/\/soludata.fr\/index.php?rest_route=\/wp\/v2\/pages\/637\/revisions\/638"}],"wp:attachment":[{"href":"https:\/\/soludata.fr\/index.php?rest_route=%2Fwp%2Fv2%2Fmedia&parent=637"}],"curies":[{"name":"wp","href":"https:\/\/api.w.org\/{rel}","templated":true}]}}