{"id":6,"date":"2019-03-03T18:29:03","date_gmt":"2019-03-03T17:29:03","guid":{"rendered":"http:\/\/soludata.fr\/?page_id=6"},"modified":"2020-06-11T14:00:00","modified_gmt":"2020-06-11T12:00:00","slug":"qui-sommes-nous","status":"publish","type":"page","link":"https:\/\/soludata.fr\/?page_id=6","title":{"rendered":"QUI SOMMES-NOUS ?"},"content":{"rendered":"\n<div class=\"wp-block-image\"><figure class=\"aligncenter is-resized\"><img decoding=\"async\" loading=\"lazy\" src=\"http:\/\/soludata.fr\/wp-content\/uploads\/2019\/11\/Matthieu-Maurein-3-754x1024.jpg\" alt=\"\" class=\"wp-image-606\" width=\"250\" height=\"339\" srcset=\"https:\/\/soludata.fr\/wp-content\/uploads\/2019\/11\/Matthieu-Maurein-3-754x1024.jpg 754w, https:\/\/soludata.fr\/wp-content\/uploads\/2019\/11\/Matthieu-Maurein-3-221x300.jpg 221w, https:\/\/soludata.fr\/wp-content\/uploads\/2019\/11\/Matthieu-Maurein-3-768x1042.jpg 768w\" sizes=\"(max-width: 250px) 100vw, 250px\" \/><figcaption><em>\u00ab\u00a0Matthieu Maurein G\u00e9rant de Soludata\u00a0\u00bb<\/em><\/figcaption><\/figure><\/div>\n\n\n\n<p class=\"has-medium-font-size\"><em>Soludata est une jeune entreprise Fran\u00e7aise qui s\u2019est implant\u00e9e dans la r\u00e9gion \u00ab Grand Est \u00bb en 2019.<br>Son g\u00e9rant Matthieu Maurein a fait ses armes au sein de la soci\u00e9t\u00e9 \u00ab Optima Conseils \u00bb \u00e0 Paris.<br>Forts d\u2019une exp\u00e9rience de plus de 10 ans dans le domaine de la maintenance et du d\u00e9pannage informatique.<br>Soludata se d\u00e9marque par la proximit\u00e9 avec ses clients et ses prix attractifs \u00e0 la port\u00e9e de tous.<br>Nous voulons que l\u2019informatique soit accessible \u00e0 tous et \u00e0 tout \u00e2ge.<br>L\u2019informatique ne doit plus \u00eatre un probl\u00e8me ou un myst\u00e8re pour vous mais bel et bien un plaisir ou un outil puissant \u00e0 votre disposition chaque jour.<br>Cela passe par le fonctionnement optimal de vos outils informatiques et c\u2019est l\u00e0 que nous intervenons.<br>Nous sommes \u00e0 vos c\u00f4t\u00e9s pour vous conseiller, vous former et vous d\u00e9panner.<br>Notre slogan : <strong>\u00ab Vous rencontrez un probl\u00e8me ? Nous avons la solution !!! \u00bb<\/strong><br>Vous n\u2019avez plus besoin de vous d\u00e9placer nous effectuons votre d\u00e9pannage informatique \u00e0 domicile.<br>Nous venons vous apporter conseils et formations chez vous de <strong>Metz \u00e0 Nancy<\/strong>.<br>Nous \u00e9tudions avec vous les meilleures solutions adapt\u00e9es \u00e0 vos besoins et \u00e0 votre budget avant toute intervention.  <br>Soludata vous r\u00e9pond <strong>7 jours sur 7<\/strong> et vous adresse un devis sou<\/em>s 24h.<\/p>\n\n\n\n<p style=\"text-align:center\" class=\"has-medium-font-size\"><em><strong>\u00ab\u00a0Soludata c\u2019est le d\u00e9pannage informatique \u00e0 domicile facile et pas cher.\u00a0\u00bb<\/strong><\/em><\/p>\n\n\n\n<p style=\"text-align:center\" class=\"has-medium-font-size\"><strong><em>Rejoignez nous sur Facebook : <a href=\"https:\/\/www.facebook.com\/Soludata.fr\">Soludata.fr<\/a><\/em><\/strong><\/p>\n","protected":false},"excerpt":{"rendered":"<p class=\"qua-blog-post-description\">Soludata est une jeune entreprise Fran\u00e7aise qui s\u2019est implant\u00e9e dans la r\u00e9gion \u00ab Grand Est \u00bb en 2019.Son g\u00e9rant Matthieu Maurein a fait ses armes au sein de la soci\u00e9t\u00e9 \u00ab Optima Conseils \u00bb \u00e0 Paris.Forts d\u2019une exp\u00e9rience de plus de 10 ans dans le domaine de la maintenance et du d\u00e9pannage informatique.Soludata se d\u00e9marque [&hellip;]<\/p>\n","protected":false},"author":1,"featured_media":388,"parent":0,"menu_order":0,"comment_status":"closed","ping_status":"closed","template":"","meta":[],"_links":{"self":[{"href":"https:\/\/soludata.fr\/index.php?rest_route=\/wp\/v2\/pages\/6"}],"collection":[{"href":"https:\/\/soludata.fr\/index.php?rest_route=\/wp\/v2\/pages"}],"about":[{"href":"https:\/\/soludata.fr\/index.php?rest_route=\/wp\/v2\/types\/page"}],"author":[{"embeddable":true,"href":"https:\/\/soludata.fr\/index.php?rest_route=\/wp\/v2\/users\/1"}],"replies":[{"embeddable":true,"href":"https:\/\/soludata.fr\/index.php?rest_route=%2Fwp%2Fv2%2Fcomments&post=6"}],"version-history":[{"count":30,"href":"https:\/\/soludata.fr\/index.php?rest_route=\/wp\/v2\/pages\/6\/revisions"}],"predecessor-version":[{"id":764,"href":"https:\/\/soludata.fr\/index.php?rest_route=\/wp\/v2\/pages\/6\/revisions\/764"}],"wp:featuredmedia":[{"embeddable":true,"href":"https:\/\/soludata.fr\/index.php?rest_route=\/wp\/v2\/media\/388"}],"wp:attachment":[{"href":"https:\/\/soludata.fr\/index.php?rest_route=%2Fwp%2Fv2%2Fmedia&parent=6"}],"curies":[{"name":"wp","href":"https:\/\/api.w.org\/{rel}","templated":true}]}}