{"id":12,"date":"2019-03-03T18:32:02","date_gmt":"2019-03-03T17:32:02","guid":{"rendered":"http:\/\/soludata.fr\/?page_id=12"},"modified":"2023-05-09T12:08:42","modified_gmt":"2023-05-09T10:08:42","slug":"tarifs","status":"publish","type":"page","link":"https:\/\/soludata.fr\/?page_id=12","title":{"rendered":"TARIFS"},"content":{"rendered":"\n<figure class=\"wp-block-table alignwide is-style-regular\"><table class=\"has-fixed-layout\"><tbody><tr><td><strong><em>Prestations<\/em><\/strong><\/td><td><strong><em>Tarifs TTC<\/em><\/strong><\/td><td><strong><em>D\u00e9tails<\/em><\/strong><\/td><\/tr><tr><td>D\u00e9pannage\n  \u00e0 domicile<\/td><td>\u00c0 partir de 30\u20ac <\/td><td>Nous venons r\u00e9parer ou prendre en   <br>charge votre ordinateur \u00e0 domicile<\/td><\/tr><tr><td>D\u00e9pannage en atelier&nbsp;<\/td><td>\u00c0\n  partir de 30\u20ac<\/td><td>Possibilit\u00e9 de prise en charge et de <br>restitution \u00e0 domicile <\/td><\/tr><tr><td>R\u00e9cup\u00e9ration de donn\u00e9es ordinateur H.S.<\/td><td>\u00c0 partir de 50\u20ac<\/td><td>Nous   pouvons r\u00e9cup\u00e9rer vos donn\u00e9es <br>importantes tel que vos photos, <br>vos vid\u00e9os, vos   fichiers si votre <br>ordinateur est hors service<\/td><\/tr><tr><td>Installation   ou remplacement de <br>composants <br>(Disque dur, RAM, Carte graphique \u2026)<\/td><td>\u00c0 partir de 30\u20ac + prix du   composant<\/td><td>Installation   ou remplacement : <br>\u00c0 partir de 30\u20ac par composant+prix du composant<\/td><\/tr><tr><td>Installation   de p\u00e9riph\u00e9riques <br>(Imprimante, Scan, CPL, BOX\u2026)<\/td><td>\u00c0 partir de 30\u20ac&nbsp;<\/td><td>Installation des pilotes et mise en <br>fonction des appareils<br><\/td><\/tr><tr><td>Conseils\n  et Formations&nbsp;<\/td><td>40\u20ac\/Heure <\/td><td>Formation rudimentaire \u00e0 l&rsquo;utilisation <br>de votre syst\u00e8me d&rsquo;exploitation<br><\/td><\/tr><tr><td>Assemblage PC GAMING complet.<\/td><td>A partir de 170\u20ac (Sans OS)<\/td><td>Montage d&rsquo;une machine compl\u00e8te avec mise \u00e0 jour BIOS<\/td><\/tr><\/tbody><\/table><\/figure>\n\n\n\n<p class=\"has-text-align-left\"><strong><em>Pour tous renseignements compl\u00e9mentaires n\u2019h\u00e9sitez pas \u00e0 <a href=\"http:\/\/soludata.fr\/?page_id=14\">nous contacter.<\/a><\/em><\/strong><\/p>\n\n\n\n<p><\/p>\n","protected":false},"excerpt":{"rendered":"<p class=\"qua-blog-post-description\">Prestations Tarifs TTC D\u00e9tails D\u00e9pannage \u00e0 domicile \u00c0 partir de 30\u20ac Nous venons r\u00e9parer ou prendre en charge votre ordinateur \u00e0 domicile D\u00e9pannage en atelier&nbsp; \u00c0 partir de 30\u20ac Possibilit\u00e9 de prise en charge et de restitution \u00e0 domicile R\u00e9cup\u00e9ration de donn\u00e9es ordinateur H.S. \u00c0 partir de 50\u20ac Nous pouvons r\u00e9cup\u00e9rer vos donn\u00e9es importantes tel [&hellip;]<\/p>\n","protected":false},"author":1,"featured_media":324,"parent":0,"menu_order":0,"comment_status":"closed","ping_status":"closed","template":"","meta":[],"_links":{"self":[{"href":"https:\/\/soludata.fr\/index.php?rest_route=\/wp\/v2\/pages\/12"}],"collection":[{"href":"https:\/\/soludata.fr\/index.php?rest_route=\/wp\/v2\/pages"}],"about":[{"href":"https:\/\/soludata.fr\/index.php?rest_route=\/wp\/v2\/types\/page"}],"author":[{"embeddable":true,"href":"https:\/\/soludata.fr\/index.php?rest_route=\/wp\/v2\/users\/1"}],"replies":[{"embeddable":true,"href":"https:\/\/soludata.fr\/index.php?rest_route=%2Fwp%2Fv2%2Fcomments&post=12"}],"version-history":[{"count":52,"href":"https:\/\/soludata.fr\/index.php?rest_route=\/wp\/v2\/pages\/12\/revisions"}],"predecessor-version":[{"id":810,"href":"https:\/\/soludata.fr\/index.php?rest_route=\/wp\/v2\/pages\/12\/revisions\/810"}],"wp:featuredmedia":[{"embeddable":true,"href":"https:\/\/soludata.fr\/index.php?rest_route=\/wp\/v2\/media\/324"}],"wp:attachment":[{"href":"https:\/\/soludata.fr\/index.php?rest_route=%2Fwp%2Fv2%2Fmedia&parent=12"}],"curies":[{"name":"wp","href":"https:\/\/api.w.org\/{rel}","templated":true}]}}