{"id":10,"date":"2019-03-03T18:30:20","date_gmt":"2019-03-03T17:30:20","guid":{"rendered":"http:\/\/soludata.fr\/?page_id=10"},"modified":"2023-05-09T12:43:36","modified_gmt":"2023-05-09T10:43:36","slug":"entreprises","status":"publish","type":"page","link":"https:\/\/soludata.fr\/?page_id=10","title":{"rendered":"ENTREPRISES"},"content":{"rendered":"\n<figure class=\"wp-block-gallery has-nested-images columns-default is-cropped wp-block-gallery-1 is-layout-flex\">\n<figure class=\"wp-block-image\"><img decoding=\"async\" loading=\"lazy\" width=\"285\" height=\"177\" data-id=\"553\"  src=\"https:\/\/soludata.fr\/wp-content\/uploads\/2019\/11\/baie-de-brassage.jpg\" alt=\"\" class=\"wp-image-553\"\/><\/figure>\n\n\n\n<figure class=\"wp-block-image\"><img decoding=\"async\" loading=\"lazy\" width=\"1024\" height=\"683\" data-id=\"568\"  src=\"https:\/\/soludata.fr\/wp-content\/uploads\/2019\/11\/computer-768696_1920-1-1024x683.jpg\" alt=\"\" class=\"wp-image-568\" srcset=\"https:\/\/soludata.fr\/wp-content\/uploads\/2019\/11\/computer-768696_1920-1-1024x683.jpg 1024w, https:\/\/soludata.fr\/wp-content\/uploads\/2019\/11\/computer-768696_1920-1-300x200.jpg 300w, https:\/\/soludata.fr\/wp-content\/uploads\/2019\/11\/computer-768696_1920-1-768x512.jpg 768w, https:\/\/soludata.fr\/wp-content\/uploads\/2019\/11\/computer-768696_1920-1.jpg 1920w\" sizes=\"(max-width: 1024px) 100vw, 1024px\" \/><\/figure>\n\n\n\n<figure class=\"wp-block-image\"><img decoding=\"async\" loading=\"lazy\" width=\"511\" height=\"340\" data-id=\"569\"  src=\"https:\/\/soludata.fr\/wp-content\/uploads\/2019\/11\/processor-4161499__340.jpg\" alt=\"\" class=\"wp-image-569\" srcset=\"https:\/\/soludata.fr\/wp-content\/uploads\/2019\/11\/processor-4161499__340.jpg 511w, https:\/\/soludata.fr\/wp-content\/uploads\/2019\/11\/processor-4161499__340-300x200.jpg 300w\" sizes=\"(max-width: 511px) 100vw, 511px\" \/><\/figure>\n<\/figure>\n\n\n\n<p><strong><em>1\u00b0 D\u00e9pannage informatique :<\/em><\/strong><\/p>\n\n\n\n<p>Nous intervenons sous 24h sur votre site et trouvons les solutions dans les plus brefs d\u00e9lais. Nous vous d\u00e9pannons 7 jours sur 7 de Metz \u00e0 Nancy.<\/p>\n\n\n\n<p><strong><em>2\u00b0 Maintenance informatique :<\/em><\/strong><\/p>\n\n\n\n<p>Nous proposons des contrats de maintenance :<\/p>\n\n\n\n<ul>\n<li>D\u00e9pannage en urgence, sur place ou \u00e0 distance.<\/li>\n\n\n\n<li>V\u00e9rifications du bon fonctionnement du parc informatique.<\/li>\n\n\n\n<li>Interlocuteur disponible 7 jours sur 7.<\/li>\n<\/ul>\n\n\n\n<p><strong><em>3\u00b0 R\u00e9alisation d\u2019Audit :<\/em><\/strong><\/p>\n\n\n\n<p>Nous proposons \u00e0 nos client professionnels de r\u00e9aliser l\u2019audit de leur parc informatique.<\/p>\n\n\n\n<p>D\u00e9roulement de l\u2019audit : <\/p>\n\n\n\n<ul>\n<li>Nous v\u00e9rifions l\u2019\u00e9tat des machines du site (Ordinateurs et p\u00e9riph\u00e9rique).<\/li>\n\n\n\n<li>Nous testons la qualit\u00e9 et la diffusion du r\u00e9seau. (Wifi, C\u00e2blage)<\/li>\n\n\n\n<li>Nous analysons les probl\u00e8mes rencontr\u00e9s par les utilisateurs.<\/li>\n\n\n\n<li>Nous listons toutes les donn\u00e9es concernant le parc informatique.<\/li>\n<\/ul>\n\n\n\n<p>\u00c1 l\u2019issue de cette collecte d\u2019informations, nous fournissons \u00e0 nos clients dans les plus brefs d\u00e9lais, l\u2019audit complet de leur site en pr\u00e9conisant la marche \u00e0 suivre pour un fonctionnement optimal de leur parc informatique.<\/p>\n\n\n\n<p><strong><em>4\u00b0 Conseils et solutions :<\/em><\/strong><\/p>\n\n\n\n<p>Chaque jour, nous sommes \u00e0 vos c\u00f4t\u00e9s pour vous apporter nos conseils avis\u00e9s en mati\u00e8re d\u2019informatique.<br>Nous trouvons avec vous les meilleures solutions selon vos besoins et votre budget.<\/p>\n","protected":false},"excerpt":{"rendered":"<p class=\"qua-blog-post-description\">1\u00b0 D\u00e9pannage informatique : Nous intervenons sous 24h sur votre site et trouvons les solutions dans les plus brefs d\u00e9lais. Nous vous d\u00e9pannons 7 jours sur 7 de Metz \u00e0 Nancy. 2\u00b0 Maintenance informatique : Nous proposons des contrats de maintenance : 3\u00b0 R\u00e9alisation d\u2019Audit : Nous proposons \u00e0 nos client professionnels de r\u00e9aliser l\u2019audit [&hellip;]<\/p>\n","protected":false},"author":1,"featured_media":371,"parent":0,"menu_order":0,"comment_status":"closed","ping_status":"closed","template":"","meta":[],"_links":{"self":[{"href":"https:\/\/soludata.fr\/index.php?rest_route=\/wp\/v2\/pages\/10"}],"collection":[{"href":"https:\/\/soludata.fr\/index.php?rest_route=\/wp\/v2\/pages"}],"about":[{"href":"https:\/\/soludata.fr\/index.php?rest_route=\/wp\/v2\/types\/page"}],"author":[{"embeddable":true,"href":"https:\/\/soludata.fr\/index.php?rest_route=\/wp\/v2\/users\/1"}],"replies":[{"embeddable":true,"href":"https:\/\/soludata.fr\/index.php?rest_route=%2Fwp%2Fv2%2Fcomments&post=10"}],"version-history":[{"count":11,"href":"https:\/\/soludata.fr\/index.php?rest_route=\/wp\/v2\/pages\/10\/revisions"}],"predecessor-version":[{"id":818,"href":"https:\/\/soludata.fr\/index.php?rest_route=\/wp\/v2\/pages\/10\/revisions\/818"}],"wp:featuredmedia":[{"embeddable":true,"href":"https:\/\/soludata.fr\/index.php?rest_route=\/wp\/v2\/media\/371"}],"wp:attachment":[{"href":"https:\/\/soludata.fr\/index.php?rest_route=%2Fwp%2Fv2%2Fmedia&parent=10"}],"curies":[{"name":"wp","href":"https:\/\/api.w.org\/{rel}","templated":true}]}}